{"id":27,"date":"2013-11-07T12:12:39","date_gmt":"2013-11-07T12:12:39","guid":{"rendered":"http:\/\/trattoria-bella-vita.de\/?page_id=27"},"modified":"2025-09-24T16:49:41","modified_gmt":"2025-09-24T16:49:41","slug":"home","status":"publish","type":"page","link":"https:\/\/trattoria-bella-vita.de\/","title":{"rendered":"Home"},"content":{"rendered":"<p style=\"text-align: center;\" align=\"center\">Benvenuti!<\/p>\n<p style=\"text-align: center;\" align=\"center\">Das Team der Trattoria Bella Vita hei\u00dft Sie herzlich willkommen!<br \/>\nWir bieten Ihnen traditionelle italienische K\u00fcche in einem gem\u00fctlichen Ambiente.<br \/>\n&#8211; Pizza Traditionale<br \/>\n&#8211; Hausgemachte Pasta<br \/>\n&#8211; Muscheln &amp; frischen Fisch (nur Dienstags &amp; Freitags)<br \/>\n&#8211; t\u00e4glich wechselnder Mittagstisch (bitte telefonische Vorbestellung)<\/p>\n<p style=\"text-align: center;\" align=\"center\"><strong>Telefonische Vorbestellungen&nbsp;&amp; Reservierungen unter:<\/strong><b><br \/>\n<strong>07141-64 22 021<\/strong><\/b><\/p>\n<p style=\"text-align: center;\" align=\"center\"><strong>&nbsp;<\/strong><\/p>\n<p style=\"text-align: center;\" align=\"center\">Neckarstr. 4&nbsp; \/&nbsp; 71691 Freiberg (vormals Ratst\u00fcble, gegen\u00fcber Volksbank).<br \/>\nTel.07141-6422021 u.0152-26745414<br \/>\nCIAO AMICI ANDR\u00c1 TUTTO BENE<br \/>\nFamilie Fantasia + Team<\/p>\n<p><a href=\"http:\/\/trattoria-bella-vita.de\/wp-content\/uploads\/2013\/11\/MG_4159_1500px.jpg\"><img loading=\"lazy\" decoding=\"async\" class=\"alignnone size-full wp-image-209\" src=\"http:\/\/trattoria-bella-vita.de\/wp-content\/uploads\/2013\/11\/MG_4159_1500px.jpg\" alt=\"MG_4159_1500px\" width=\"1000\" height=\"667\" srcset=\"https:\/\/trattoria-bella-vita.de\/wp-content\/uploads\/2013\/11\/MG_4159_1500px.jpg 1000w, https:\/\/trattoria-bella-vita.de\/wp-content\/uploads\/2013\/11\/MG_4159_1500px-300x200.jpg 300w\" sizes=\"auto, (max-width: 1000px) 100vw, 1000px\" \/><\/a> <a href=\"http:\/\/trattoria-bella-vita.de\/wp-content\/uploads\/2013\/11\/MG_4162_1500px.jpg\"><img loading=\"lazy\" decoding=\"async\" class=\"alignnone size-full wp-image-210\" src=\"http:\/\/trattoria-bella-vita.de\/wp-content\/uploads\/2013\/11\/MG_4162_1500px.jpg\" alt=\"MG_4162_1500px\" width=\"1000\" height=\"667\" srcset=\"https:\/\/trattoria-bella-vita.de\/wp-content\/uploads\/2013\/11\/MG_4162_1500px.jpg 1000w, https:\/\/trattoria-bella-vita.de\/wp-content\/uploads\/2013\/11\/MG_4162_1500px-300x200.jpg 300w\" sizes=\"auto, (max-width: 1000px) 100vw, 1000px\" \/><\/a> <a href=\"http:\/\/trattoria-bella-vita.de\/wp-content\/uploads\/2013\/11\/MG_4190_1500px.jpg\"><img loading=\"lazy\" decoding=\"async\" class=\"alignnone size-full wp-image-211\" src=\"http:\/\/trattoria-bella-vita.de\/wp-content\/uploads\/2013\/11\/MG_4190_1500px.jpg\" alt=\"MG_4190_1500px\" width=\"1000\" height=\"667\" srcset=\"https:\/\/trattoria-bella-vita.de\/wp-content\/uploads\/2013\/11\/MG_4190_1500px.jpg 1000w, https:\/\/trattoria-bella-vita.de\/wp-content\/uploads\/2013\/11\/MG_4190_1500px-300x200.jpg 300w\" sizes=\"auto, (max-width: 1000px) 100vw, 1000px\" \/><\/a> <a href=\"http:\/\/trattoria-bella-vita.de\/wp-content\/uploads\/2013\/11\/MG_4195_1500px.jpg\"><img loading=\"lazy\" decoding=\"async\" class=\"alignnone size-full wp-image-212\" src=\"http:\/\/trattoria-bella-vita.de\/wp-content\/uploads\/2013\/11\/MG_4195_1500px.jpg\" alt=\"MG_4195_1500px\" width=\"1000\" height=\"667\" srcset=\"https:\/\/trattoria-bella-vita.de\/wp-content\/uploads\/2013\/11\/MG_4195_1500px.jpg 1000w, https:\/\/trattoria-bella-vita.de\/wp-content\/uploads\/2013\/11\/MG_4195_1500px-300x200.jpg 300w\" sizes=\"auto, (max-width: 1000px) 100vw, 1000px\" \/><\/a><\/p>\n","protected":false},"excerpt":{"rendered":"<p>Benvenuti! Das Team der Trattoria Bella Vita hei\u00dft Sie herzlich willkommen! Wir bieten Ihnen traditionelle italienische K\u00fcche in einem gem\u00fctlichen Ambiente. &#8211; Pizza Traditionale &#8211; Hausgemachte Pasta &#8211; Muscheln &amp; frischen Fisch (nur Dienstags &amp; Freitags) &#8211; t\u00e4glich wechselnder Mittagstisch (bitte telefonische Vorbestellung) Telefonische Vorbestellungen&nbsp;&amp; Reservierungen unter: 07141-64 22 021 &nbsp; Neckarstr. 4&nbsp; \/&nbsp; 71691 [&hellip;]<\/p>\n","protected":false},"author":1,"featured_media":0,"parent":0,"menu_order":0,"comment_status":"closed","ping_status":"open","template":"alt-homepage.php","meta":{"ngg_post_thumbnail":0,"footnotes":""},"class_list":["post-27","page","type-page","status-publish","hentry"],"_links":{"self":[{"href":"https:\/\/trattoria-bella-vita.de\/index.php?rest_route=\/wp\/v2\/pages\/27","targetHints":{"allow":["GET"]}}],"collection":[{"href":"https:\/\/trattoria-bella-vita.de\/index.php?rest_route=\/wp\/v2\/pages"}],"about":[{"href":"https:\/\/trattoria-bella-vita.de\/index.php?rest_route=\/wp\/v2\/types\/page"}],"author":[{"embeddable":true,"href":"https:\/\/trattoria-bella-vita.de\/index.php?rest_route=\/wp\/v2\/users\/1"}],"replies":[{"embeddable":true,"href":"https:\/\/trattoria-bella-vita.de\/index.php?rest_route=%2Fwp%2Fv2%2Fcomments&post=27"}],"version-history":[{"count":45,"href":"https:\/\/trattoria-bella-vita.de\/index.php?rest_route=\/wp\/v2\/pages\/27\/revisions"}],"predecessor-version":[{"id":590,"href":"https:\/\/trattoria-bella-vita.de\/index.php?rest_route=\/wp\/v2\/pages\/27\/revisions\/590"}],"wp:attachment":[{"href":"https:\/\/trattoria-bella-vita.de\/index.php?rest_route=%2Fwp%2Fv2%2Fmedia&parent=27"}],"curies":[{"name":"wp","href":"https:\/\/api.w.org\/{rel}","templated":true}]}}